{"id":655,"date":"2025-07-21T08:55:55","date_gmt":"2025-07-21T08:55:55","guid":{"rendered":"http:\/\/realclubpadelmarbella.com\/?page_id=655"},"modified":"2025-07-21T08:55:56","modified_gmt":"2025-07-21T08:55:56","slug":"cookies-policy","status":"publish","type":"page","link":"https:\/\/realclubpadelmarbella.com\/es\/cookies-policy\/","title":{"rendered":"Pol\u00edtica de Cookies"},"content":{"rendered":"<p>[et_pb_section fb_built=&#8221;1&#8243; _builder_version=&#8221;4.27.4&#8243; _module_preset=&#8221;_initial&#8221; global_colors_info=&#8221;{}&#8221;][et_pb_row _builder_version=&#8221;4.27.4&#8243; _module_preset=&#8221;845ae080-9853-4cde-9ee4-77488e707eb5&#8243; global_colors_info=&#8221;{}&#8221;][et_pb_column type=&#8221;4_4&#8243; _builder_version=&#8221;4.27.4&#8243; _module_preset=&#8221;default&#8221; global_colors_info=&#8221;{}&#8221;][et_pb_post_title meta=&#8221;off&#8221; _builder_version=&#8221;4.27.4&#8243; _module_preset=&#8221;5358c8f0-d5c1-446e-ae64-27ce371b8948&#8243;][\/et_pb_post_title][et_pb_text _builder_version=&#8221;4.27.4&#8243; _module_preset=&#8221;default&#8221; hover_enabled=&#8221;0&#8243; sticky_enabled=&#8221;0&#8243;]<\/p>\n<p>Este sitio web utiliza cookies y\/o tecnolog\u00edas similares que almacenan y recuperan informaci\u00f3n cuando navegas.<\/p>\n<figure class=\"wp-block-table\">\n<table>\n<tbody>\n<tr>\n<td>\n<p><strong>PERMITES O DENIEGAS:<\/strong><br \/><strong>+De an\u00e1lisis<\/strong><br \/><strong>+Publicitarias comportamentales<\/strong><\/p>\n<p>Al pulsar \u201cGuardar configuraci\u00f3n\u201d, se guardar\u00e1 la selecci\u00f3n de cookies que hayas realizado. Si no has seleccionado ninguna opci\u00f3n, pulsar este bot\u00f3n equivaldr\u00e1 a rechazar todas las cookies.<\/p>\n<\/td>\n<\/tr>\n<\/tbody>\n<\/table>\n<\/figure>\n<p><strong>ESTE PANEL ES ORIENTATIVO PARA, SEG\u00daN LAS COOKIES QUE SE TENGAN, CONFIGURARLO IGUAL QUE EL EJEMPLO SUMINISTRADO, PUESTO QUE HAY QUE AGRUPAR LAS COOKIES SEG\u00daN SU FINALIDAD EVIT\u00c1NDOSE EL GRADO M\u00c1XIMO DE GRANURALIDAD, ES DECIR IR COOKIE A COOKIE.<\/strong><\/p>\n<p><strong>+ EXPLICANDO EN EL DESPLEGABLE, QU\u00c9 HACE CADA COOKIE CON UN LENGUAJE MUY SENCILLO Y DIRECTO.<\/strong><\/p>\n<p><strong>\u00bfQu\u00e9 son las cookies?<\/strong><\/p>\n<p>En general, estas tecnolog\u00edas pueden servir para finalidades muy diversas, como, por ejemplo, reconocerte como usuario, obtener informaci\u00f3n sobre tus h\u00e1bitos de navegaci\u00f3n, o personalizar la forma en que se muestra el contenido. Salvo que revoques tu consentimiento, conservamos tu consentimiento por 24 meses, guardando tu selecci\u00f3n del panel de preferencias sin que se te solicite nuevamente en cada sesi\u00f3n.<\/p>\n<p>Los usos concretos que hacemos de estas tecnolog\u00edas se describen a continuaci\u00f3n.<\/p>\n<p>\u00bfQu\u00e9 tipos de<span>\u00a0<\/span><em>cookies<span>\u00a0<\/span><\/em>utiliza esta p\u00e1gina web?<\/p>\n<p>\u2022<span>\u00a0<\/span><strong>Cookies de an\u00e1lisis:<\/strong><span>\u00a0<\/span>Son aqu\u00e9llas que bien tratadas por nosotros o por terceros, nos permiten cuantificar el n\u00famero de usuarios y as\u00ed realizar la medici\u00f3n y an\u00e1lisis estad\u00edstico de la utilizaci\u00f3n que hacen los usuarios del servicio ofertado. Para ello se analiza su navegaci\u00f3n en nuestra p\u00e1gina web con el fin de mejorar la oferta de productos o servicios que le ofrecemos.<\/p>\n<p>\u2022<span>\u00a0<\/span><strong>Publicitarias comportamentales:<span>\u00a0<\/span><\/strong>son aquellas que, tratadas por nosotros o<\/p>\n<p>por terceros, nos permiten analizar sus h\u00e1bitos de navegaci\u00f3n en Internet para que podamos mostrarle publicidad relacionada con su perfil de navegaci\u00f3n.<\/p>\n<p>\u2022<span>\u00a0<\/span><em><strong>Cookies<span>\u00a0<\/span><\/strong><\/em><strong>propias<\/strong>: Son aqu\u00e9llas que se env\u00edan al equipo terminal del usuario desde un equipo o dominio gestionado por el propio editor y desde el que se presta el servicio solicitado por el usuario.<\/p>\n<p>+ Conoce estas cookies<\/p>\n<p><strong>Cookies de terceros.<\/strong><\/p>\n<p><strong>Cookies de an\u00e1lisis:<span>\u00a0<\/span><\/strong>permiten cuantificar el n\u00famero de usuarios y as\u00ed realizar la medici\u00f3n y an\u00e1lisis estad\u00edstico de la utilizaci\u00f3n que hacen los usuarios del servicio ofertado. Para ello se analiza su navegaci\u00f3n en nuestra p\u00e1gina web con el fin de mejorar la oferta de productos o servicios que le ofrecemos.<\/p>\n<p>Tenga en cuenta que, si acepta las cookies de terceros, deber\u00e1 eliminarlas desde las opciones del navegador o desde el sistema ofrecido por el propio tercero.<\/p>\n<p>+ Conoce a los terceros<\/p>\n<p>(AQU\u00cd SE DESPLEGAR\u00cdAN TODOS LOS TERCEROS QUE TENGAMOS)<\/p>\n<p>A\u00d1ADIR LA INFORMACI\u00d3N SOBRE LAS COOKIES QUE TIENE LA WEB, SIEMPRE QUE NO SEAN COOKIES EXCEPTUADAS QUE SON AQUELLAS QUE TIENEN POR FINALIDAD:<\/p>\n<p>\u2022 COOKIES DE \u201cENTRADA DEL USUARIO\u201d .<\/p>\n<p>\u2022 COOKIES DE AUTENTICACI\u00d3N O IDENTIFICACI\u00d3N<\/p>\n<p>DE USUARIO (\u00daNICAMENTE DE SESI\u00d3N).<\/p>\n<p>\u2022 COOKIES DE SEGURIDAD DEL USUARIO.<\/p>\n<p>\u2022 COOKIES DE SESI\u00d3N DE REPRODUCTOR MULTIMEDIA.<\/p>\n<p>\u2022 COOKIES DE SESI\u00d3N PARA EQUILIBRAR LA CARGA.<\/p>\n<p>\u2022 COOKIES DE PERSONALIZACI\u00d3N DE LA INTERFAZ DE USUARIO.<\/p>\n<p>\u2022 DETERMINADAS COOKIES DE COMPLEMENTO (PLUG-IN) PARA INTERCAMBIAR CONTENIDOS SOCIALES.<\/p>\n<p>Puedes permitir, bloquear o eliminar las cookies instaladas en tu equipo mediante la configuraci\u00f3n de las opciones del navegador instalado en tu ordenador.<\/p>\n<ul class=\"wp-block-list\">\n<li>Para m\u00e1s informaci\u00f3n sobre Opera\u2122 haz click\u00a0<a href=\"http:\/\/help.opera.com\/Windows\/11.50\/es-ES\/cookies.html\"><strong>aqu\u00ed<\/strong><\/a><\/li>\n<li>Para m\u00e1s informaci\u00f3n sobre Android\u2122 haz click\u00a0<a href=\"https:\/\/realclubpadelmarbella.com\/politica-de-cookies\/#topic=7313011\"><strong>aqu\u00ed<\/strong><\/a><\/li>\n<li>Para m\u00e1s informaci\u00f3n sobre Windows Phone\u2122 haz click\u00a0<a href=\"https:\/\/support.microsoft.com\/es-es\/help\/11696\/windows-phone-7\"><strong>aqu\u00ed<\/strong><\/a><\/li>\n<li>Para m\u00e1s informaci\u00f3n sobre Blackberry\u2122 haz click\u00a0<a href=\"http:\/\/help.blackberry.com\/en\/blackberry-classic\/10.3.1\/help\/mwa1334238823957.html\"><strong>aqu\u00ed<\/strong><\/a><\/li>\n<li>Para m\u00e1s informaci\u00f3n sobre el Navegador Google Chrome\u2122 haz click\u00a0<a href=\"https:\/\/support.google.com\/chrome\/answer\/95647?hl=es\"><strong>aqu\u00ed<\/strong><\/a><\/li>\n<li>Para m\u00e1s informaci\u00f3n sobre el Navegador Internet Explorer haz click\u00a0<a href=\"https:\/\/support.microsoft.com\/es-es\/products\/windows?os=windows-10\"><strong>aqu\u00ed<\/strong><\/a><\/li>\n<li>Para m\u00e1s informaci\u00f3n sobre el Navegador Mozilla Firefox\u2122 haz click\u00a0<a href=\"https:\/\/support.mozilla.org\/es\/kb\/habilitar-y-deshabilitar-cookies-sitios-web-rastrear-preferencias?redirectlocale=es&amp;redirectslug=habilitar-y-deshabilitar-cookies-que-los-sitios-we\"><strong>aqu\u00ed<\/strong><\/a><\/li>\n<li>Para m\u00e1s informaci\u00f3n sobre el Navegador Safari\u2122 haz click\u00a0<a href=\"https:\/\/support.apple.com\/kb\/ph21411?locale=es_ES\"><strong>aqu\u00ed<\/strong><\/a><\/li>\n<\/ul>\n<p>[\/et_pb_text][\/et_pb_column][\/et_pb_row][\/et_pb_section]<\/p>\n","protected":false},"excerpt":{"rendered":"<p>Este sitio web utiliza cookies y\/o tecnolog\u00edas similares que almacenan y recuperan informaci\u00f3n cuando navegas. PERMITES O DENIEGAS:+De an\u00e1lisis+Publicitarias comportamentales Al pulsar \u201cGuardar configuraci\u00f3n\u201d, se guardar\u00e1 la selecci\u00f3n de cookies que hayas realizado. Si no has seleccionado ninguna opci\u00f3n, pulsar este bot\u00f3n equivaldr\u00e1 a rechazar todas las cookies. ESTE PANEL ES ORIENTATIVO PARA, SEG\u00daN LAS [&hellip;]<\/p>\n","protected":false},"author":1,"featured_media":0,"parent":0,"menu_order":0,"comment_status":"closed","ping_status":"closed","template":"","meta":{"_et_pb_use_builder":"on","_et_pb_old_content":"","_et_gb_content_width":"","_monsterinsights_skip_tracking":false,"_monsterinsights_sitenote_active":false,"_monsterinsights_sitenote_note":"","_monsterinsights_sitenote_category":0,"footnotes":""},"class_list":["post-655","page","type-page","status-publish","hentry"],"yoast_head":"<!-- This site is optimized with the Yoast SEO plugin v27.4 - https:\/\/yoast.com\/product\/yoast-seo-wordpress\/ -->\n<title>Cookies Policy | Real Club Padel Marbella<\/title>\n<meta name=\"robots\" content=\"index, follow, max-snippet:-1, max-image-preview:large, max-video-preview:-1\" \/>\n<link rel=\"canonical\" href=\"https:\/\/realclubpadelmarbella.com\/es\/cookies-policy\/\" \/>\n<meta property=\"og:locale\" content=\"es_ES\" \/>\n<meta property=\"og:type\" content=\"article\" \/>\n<meta property=\"og:title\" content=\"Cookies Policy | Real Club Padel Marbella\" \/>\n<meta property=\"og:description\" content=\"Este sitio web utiliza cookies y\/o tecnolog\u00edas similares que almacenan y recuperan informaci\u00f3n cuando navegas. PERMITES O DENIEGAS:+De an\u00e1lisis+Publicitarias comportamentales Al pulsar \u201cGuardar configuraci\u00f3n\u201d, se guardar\u00e1 la selecci\u00f3n de cookies que hayas realizado. Si no has seleccionado ninguna opci\u00f3n, pulsar este bot\u00f3n equivaldr\u00e1 a rechazar todas las cookies. ESTE PANEL ES ORIENTATIVO PARA, SEG\u00daN LAS [&hellip;]\" \/>\n<meta property=\"og:url\" content=\"https:\/\/realclubpadelmarbella.com\/es\/cookies-policy\/\" \/>\n<meta property=\"og:site_name\" content=\"Real Club Padel Marbella\" \/>\n<meta property=\"article:publisher\" content=\"https:\/\/www.facebook.com\/RealClubPadelMarbella\/?locale=es_ES\" \/>\n<meta property=\"article:modified_time\" content=\"2025-07-21T08:55:56+00:00\" \/>\n<meta name=\"twitter:card\" content=\"summary_large_image\" \/>\n<meta name=\"twitter:label1\" content=\"Tiempo de lectura\" \/>\n\t<meta name=\"twitter:data1\" content=\"6 minutos\" \/>\n<script type=\"application\/ld+json\" class=\"yoast-schema-graph\">{\"@context\":\"https:\\\/\\\/schema.org\",\"@graph\":[{\"@type\":\"WebPage\",\"@id\":\"https:\\\/\\\/realclubpadelmarbella.com\\\/cookies-policy\\\/\",\"url\":\"https:\\\/\\\/realclubpadelmarbella.com\\\/cookies-policy\\\/\",\"name\":\"Cookies Policy | Real Club Padel Marbella\",\"isPartOf\":{\"@id\":\"https:\\\/\\\/realclubpadelmarbella.com\\\/#website\"},\"datePublished\":\"2025-07-21T08:55:55+00:00\",\"dateModified\":\"2025-07-21T08:55:56+00:00\",\"breadcrumb\":{\"@id\":\"https:\\\/\\\/realclubpadelmarbella.com\\\/cookies-policy\\\/#breadcrumb\"},\"inLanguage\":\"es\",\"potentialAction\":[{\"@type\":\"ReadAction\",\"target\":[\"https:\\\/\\\/realclubpadelmarbella.com\\\/cookies-policy\\\/\"]}]},{\"@type\":\"BreadcrumbList\",\"@id\":\"https:\\\/\\\/realclubpadelmarbella.com\\\/cookies-policy\\\/#breadcrumb\",\"itemListElement\":[{\"@type\":\"ListItem\",\"position\":1,\"name\":\"Portada\",\"item\":\"https:\\\/\\\/realclubpadelmarbella.com\\\/\"},{\"@type\":\"ListItem\",\"position\":2,\"name\":\"Cookies Policy\"}]},{\"@type\":\"WebSite\",\"@id\":\"https:\\\/\\\/realclubpadelmarbella.com\\\/#website\",\"url\":\"https:\\\/\\\/realclubpadelmarbella.com\\\/\",\"name\":\"Real Club Padel Marbella\",\"description\":\"More Than Just a Padel Club\",\"publisher\":{\"@id\":\"https:\\\/\\\/realclubpadelmarbella.com\\\/#organization\"},\"potentialAction\":[{\"@type\":\"SearchAction\",\"target\":{\"@type\":\"EntryPoint\",\"urlTemplate\":\"https:\\\/\\\/realclubpadelmarbella.com\\\/?s={search_term_string}\"},\"query-input\":{\"@type\":\"PropertyValueSpecification\",\"valueRequired\":true,\"valueName\":\"search_term_string\"}}],\"inLanguage\":\"es\"},{\"@type\":\"Organization\",\"@id\":\"https:\\\/\\\/realclubpadelmarbella.com\\\/#organization\",\"name\":\"Real Club Padel Marbella\",\"url\":\"https:\\\/\\\/realclubpadelmarbella.com\\\/\",\"logo\":{\"@type\":\"ImageObject\",\"inLanguage\":\"es\",\"@id\":\"https:\\\/\\\/realclubpadelmarbella.com\\\/#\\\/schema\\\/logo\\\/image\\\/\",\"url\":\"https:\\\/\\\/realclubpadelmarbella.com\\\/wp-content\\\/uploads\\\/2025\\\/04\\\/rcpm-white-logo-WEB.png\",\"contentUrl\":\"https:\\\/\\\/realclubpadelmarbella.com\\\/wp-content\\\/uploads\\\/2025\\\/04\\\/rcpm-white-logo-WEB.png\",\"width\":512,\"height\":512,\"caption\":\"Real Club Padel Marbella\"},\"image\":{\"@id\":\"https:\\\/\\\/realclubpadelmarbella.com\\\/#\\\/schema\\\/logo\\\/image\\\/\"},\"sameAs\":[\"https:\\\/\\\/www.facebook.com\\\/RealClubPadelMarbella\\\/?locale=es_ES\",\"https:\\\/\\\/www.instagram.com\\\/realclubpadelmarbella\\\/?hl=es\"]}]}<\/script>\n<!-- \/ Yoast SEO plugin. -->","yoast_head_json":{"title":"Cookies Policy | Real Club Padel Marbella","robots":{"index":"index","follow":"follow","max-snippet":"max-snippet:-1","max-image-preview":"max-image-preview:large","max-video-preview":"max-video-preview:-1"},"canonical":"https:\/\/realclubpadelmarbella.com\/es\/cookies-policy\/","og_locale":"es_ES","og_type":"article","og_title":"Cookies Policy | Real Club Padel Marbella","og_description":"Este sitio web utiliza cookies y\/o tecnolog\u00edas similares que almacenan y recuperan informaci\u00f3n cuando navegas. PERMITES O DENIEGAS:+De an\u00e1lisis+Publicitarias comportamentales Al pulsar \u201cGuardar configuraci\u00f3n\u201d, se guardar\u00e1 la selecci\u00f3n de cookies que hayas realizado. Si no has seleccionado ninguna opci\u00f3n, pulsar este bot\u00f3n equivaldr\u00e1 a rechazar todas las cookies. ESTE PANEL ES ORIENTATIVO PARA, SEG\u00daN LAS [&hellip;]","og_url":"https:\/\/realclubpadelmarbella.com\/es\/cookies-policy\/","og_site_name":"Real Club Padel Marbella","article_publisher":"https:\/\/www.facebook.com\/RealClubPadelMarbella\/?locale=es_ES","article_modified_time":"2025-07-21T08:55:56+00:00","twitter_card":"summary_large_image","twitter_misc":{"Tiempo de lectura":"6 minutos"},"schema":{"@context":"https:\/\/schema.org","@graph":[{"@type":"WebPage","@id":"https:\/\/realclubpadelmarbella.com\/cookies-policy\/","url":"https:\/\/realclubpadelmarbella.com\/cookies-policy\/","name":"Cookies Policy | Real Club Padel Marbella","isPartOf":{"@id":"https:\/\/realclubpadelmarbella.com\/#website"},"datePublished":"2025-07-21T08:55:55+00:00","dateModified":"2025-07-21T08:55:56+00:00","breadcrumb":{"@id":"https:\/\/realclubpadelmarbella.com\/cookies-policy\/#breadcrumb"},"inLanguage":"es","potentialAction":[{"@type":"ReadAction","target":["https:\/\/realclubpadelmarbella.com\/cookies-policy\/"]}]},{"@type":"BreadcrumbList","@id":"https:\/\/realclubpadelmarbella.com\/cookies-policy\/#breadcrumb","itemListElement":[{"@type":"ListItem","position":1,"name":"Portada","item":"https:\/\/realclubpadelmarbella.com\/"},{"@type":"ListItem","position":2,"name":"Cookies Policy"}]},{"@type":"WebSite","@id":"https:\/\/realclubpadelmarbella.com\/#website","url":"https:\/\/realclubpadelmarbella.com\/","name":"Real Club Padel Marbella","description":"More Than Just a Padel Club","publisher":{"@id":"https:\/\/realclubpadelmarbella.com\/#organization"},"potentialAction":[{"@type":"SearchAction","target":{"@type":"EntryPoint","urlTemplate":"https:\/\/realclubpadelmarbella.com\/?s={search_term_string}"},"query-input":{"@type":"PropertyValueSpecification","valueRequired":true,"valueName":"search_term_string"}}],"inLanguage":"es"},{"@type":"Organization","@id":"https:\/\/realclubpadelmarbella.com\/#organization","name":"Real Club Padel Marbella","url":"https:\/\/realclubpadelmarbella.com\/","logo":{"@type":"ImageObject","inLanguage":"es","@id":"https:\/\/realclubpadelmarbella.com\/#\/schema\/logo\/image\/","url":"https:\/\/realclubpadelmarbella.com\/wp-content\/uploads\/2025\/04\/rcpm-white-logo-WEB.png","contentUrl":"https:\/\/realclubpadelmarbella.com\/wp-content\/uploads\/2025\/04\/rcpm-white-logo-WEB.png","width":512,"height":512,"caption":"Real Club Padel Marbella"},"image":{"@id":"https:\/\/realclubpadelmarbella.com\/#\/schema\/logo\/image\/"},"sameAs":["https:\/\/www.facebook.com\/RealClubPadelMarbella\/?locale=es_ES","https:\/\/www.instagram.com\/realclubpadelmarbella\/?hl=es"]}]}},"_links":{"self":[{"href":"https:\/\/realclubpadelmarbella.com\/es\/wp-json\/wp\/v2\/pages\/655","targetHints":{"allow":["GET"]}}],"collection":[{"href":"https:\/\/realclubpadelmarbella.com\/es\/wp-json\/wp\/v2\/pages"}],"about":[{"href":"https:\/\/realclubpadelmarbella.com\/es\/wp-json\/wp\/v2\/types\/page"}],"author":[{"embeddable":true,"href":"https:\/\/realclubpadelmarbella.com\/es\/wp-json\/wp\/v2\/users\/1"}],"replies":[{"embeddable":true,"href":"https:\/\/realclubpadelmarbella.com\/es\/wp-json\/wp\/v2\/comments?post=655"}],"version-history":[{"count":2,"href":"https:\/\/realclubpadelmarbella.com\/es\/wp-json\/wp\/v2\/pages\/655\/revisions"}],"predecessor-version":[{"id":658,"href":"https:\/\/realclubpadelmarbella.com\/es\/wp-json\/wp\/v2\/pages\/655\/revisions\/658"}],"wp:attachment":[{"href":"https:\/\/realclubpadelmarbella.com\/es\/wp-json\/wp\/v2\/media?parent=655"}],"curies":[{"name":"wp","href":"https:\/\/api.w.org\/{rel}","templated":true}]}}