{"id":649,"date":"2025-07-21T08:54:00","date_gmt":"2025-07-21T08:54:00","guid":{"rendered":"http:\/\/realclubpadelmarbella.com\/?page_id=649"},"modified":"2025-07-21T08:54:32","modified_gmt":"2025-07-21T08:54:32","slug":"privacy-policy","status":"publish","type":"page","link":"https:\/\/realclubpadelmarbella.com\/es\/privacy-policy\/","title":{"rendered":"Pol\u00edtica de Privacidad"},"content":{"rendered":"<p>[et_pb_section fb_built=&#8221;1&#8243; _builder_version=&#8221;4.27.4&#8243; _module_preset=&#8221;_initial&#8221; global_colors_info=&#8221;{}&#8221; theme_builder_area=&#8221;post_content&#8221;][et_pb_row _builder_version=&#8221;4.27.4&#8243; _module_preset=&#8221;845ae080-9853-4cde-9ee4-77488e707eb5&#8243; global_colors_info=&#8221;{}&#8221; theme_builder_area=&#8221;post_content&#8221;][et_pb_column type=&#8221;4_4&#8243; _builder_version=&#8221;4.27.4&#8243; _module_preset=&#8221;default&#8221; global_colors_info=&#8221;{}&#8221; theme_builder_area=&#8221;post_content&#8221;][et_pb_post_title global_colors_info=&#8221;{}&#8221; meta=&#8221;off&#8221; _builder_version=&#8221;4.27.4&#8243; _module_preset=&#8221;5358c8f0-d5c1-446e-ae64-27ce371b8948&#8243; theme_builder_area=&#8221;post_content&#8221;][\/et_pb_post_title][et_pb_text global_colors_info=&#8221;{%22gcid-primary-color%22:%91%22quote_text_color%22%93}&#8221; _builder_version=&#8221;4.27.4&#8243; _module_preset=&#8221;f1faf6e0-3888-4f3c-95a0-3224299a1be0&#8243; theme_builder_area=&#8221;post_content&#8221;]<\/p>\n<h4>1 RESPONSABLE DEL TRATAMIENTO<\/h4>\n<p>Responsable de Tratamiento: ENUTROF LIFE S.L. (en adelante, \u201cREAL CLUB P\u00c1DEL MARBELLA\u201d)<br \/>* N.I.F.: B93413961<br \/>* Domicilio social: Urbanizaci\u00f3n Altos del Rodeo, Calle R\u00edo Amazonas, S\/N 29670 Marbella, M\u00e1laga<\/p>\n<p>* E-mail:<span>\u00a0<\/span><a href=\"mailto:info@realclubpadelmarbella.com\">info@realclubpadelmarbella.com<\/a><\/p>\n<p>&nbsp;<\/p>\n<h4>2 INFORMACI\u00d3N Y CONSENTIMIENTO<\/h4>\n<p>Mediante la aceptaci\u00f3n de la presente Pol\u00edtica de Privacidad, el usuario queda informado y se le solicitar\u00e1 su consentimiento para que los datos personales que facilite a trav\u00e9s de la p\u00e1gina web puedan sean tratados por REAL CLUB P\u00c1DEL MARBELLA.<\/p>\n<h4>3 OBLIGATORIEDAD DE FACILITAR LOS DATOS<\/h4>\n<p>Todos los datos personales que le solicitamos a trav\u00e9s de la web o mediante otro soporte, son obligatorios, (salvo que en el campo requerido se especifique lo contrario) para cumplir con las finalidades establecidas,<br \/>Al introducir datos en el Sitio Web, el usuario garantiza que es mayor de catorce (14) a\u00f1os y que los datos aportados son verdaderos, exactos, completos y actualizados, comprometi\u00e9ndose a notificar a REAL CLUB P\u00c1DEL MARBELLA cualquier tipo de modificaci\u00f3n que se produzca en los datos que haya facilitado.<\/p>\n<p>&nbsp;<\/p>\n<h4>4 \u00bfCUAL ES LA FINALIDAD DEL TRATAMIENTO DE SUS DATOS POR PARTE DE REAL CLUB P\u00c1DEL MARBELLA ?<\/h4>\n<p>Los datos personales facilitados por el usuario ser\u00e1n tratados con las siguientes finalidades:<\/p>\n<p>&nbsp;<\/p>\n<p>1) Hacer efectivo el registro de la solicitud del usuario para permitirle el acceso a los productos y servicios que le podemos ofrecer.<\/p>\n<p>2) Gestionar el env\u00edo de comunicaciones comerciales sobre productos, servicios promociones, ofertas, campa\u00f1as de fidelizaci\u00f3n, eventos, noticias, recomendaciones o comunicados de REAL CLUB P\u00c1DEL MARBELLA o comercializadas por REAL CLUB P\u00c1DEL MARBELLA por medio de los diferentes canales de comunicaci\u00f3n a su disposici\u00f3n, incluso por v\u00eda electr\u00f3nica o telem\u00e1tica, en el caso de que el usuario manifieste su aceptaci\u00f3n marcando la casilla correspondiente.<\/p>\n<p>Podr\u00e1 revocar enviando un correo a info@realclubpadelmarbella.com<\/p>\n<h4>5 \u00bfCU\u00c1L ES LA LEGITIMACI\u00d3N DEL TRATAMIENTO?<\/h4>\n<p>El tratamiento de los datos del usuario est\u00e1 basado en el consentimiento expreso que se le solicita y si se presta, permite oponerse en cualquier momento.<br \/>Cada finalidad de tratamiento, requerir\u00e1 de una aceptaci\u00f3n individualizada y podr\u00e1 producirse una revocaci\u00f3n parcial sin que afecte al resto de finalidades de tratamiento.<\/p>\n<p>La legitimaci\u00f3n del tratamiento de sus datos personales tambi\u00e9n puede ampararse en la base jur\u00eddica del inter\u00e9s leg\u00edtimo que pueda tener la compa\u00f1\u00eda con base en la regulaci\u00f3n establecida en las legislaciones que fuesen aplicables al caso.<\/p>\n<p>&nbsp;<\/p>\n<h4>6 \u00bfCUAL ES EL PLAZO DE CONSERVACI\u00d3N DE LOS DATOS PERSONALES DE LOS USUARIOS?<\/h4>\n<p>Los datos personales se conservar\u00e1n mientras se mantenga la relaci\u00f3n con el usuario o hasta que ejercite su derecho de oposici\u00f3n y o cancelaci\u00f3n de datos. Una vez finalizada la relaci\u00f3n o ejercitado los mencionados derechos, los datos se bloquear\u00e1n durante todo el tiempo exigido por la legislaci\u00f3n aplicable y hasta que prescriban las eventuales responsabilidades derivadas del tratamiento.<\/p>\n<h4>7 \u00bfCUALES SON LOS DATOS DEL USUARIO QUE PODR\u00c1 TRATAR REAL CLUB P\u00c1DEL MARBELLA?<\/h4>\n<p>REAL CLUB P\u00c1DEL MARBELLA tratar\u00e1 las siguientes categor\u00edas de datos del usuario para poder ofrecer un mejor servicio y para poder adaptar sus actividades a las circunstancias de cada usuario.<\/p>\n<p>a) Datos proporcionados por el propio usuario<\/p>\n<p>* Datos identificativos: nombre, apellidos y DNI.<br \/>* Datos de contacto: direcci\u00f3n de correo electr\u00f3nico.<br \/>* Direcci\u00f3n: Postal de contacto.<\/p>\n<p>&nbsp;<\/p>\n<p>b) Datos obtenidos de otras fuentes distintas del propio usuario, como por ejemplo fuentes accesibles al p\u00fablico.<\/p>\n<p>c) Datos derivados del desarrollo de la relaci\u00f3n: Datos proporcionados de forma indirecta por el cliente al derivar de la propia navegaci\u00f3n de la p\u00e1gina web en su acceso a los formularios de reserva o contacto o cualquier otro de an\u00e1loga naturaleza que permita su recepci\u00f3n.<\/p>\n<p>En aquellos casos en los que el usuario facilite a REAL CLUB P\u00c1DEL MARBELLA datos de terceros manifiesta que ha informado y ha obtenido consentimiento previo de dicha persona para que sus datos personales sean tratados por parte de REAL CLUB P\u00c1DEL MARBELLA. En caso de que REAL CLUB P\u00c1DEL MARBELLA fuera condenada por un tratamiento no autorizado, se reserva el derecho a repercutir dichas sanciones al usuario que facilit\u00f3 los datos sin consentimiento previo del titular.<\/p>\n<p>&nbsp;<\/p>\n<h4>8 \u00bfQUI\u00c9NES SON LOS DESTINATARIOS DE LOS DATOS DEL USUARIO?<\/h4>\n<p>REAL CLUB P\u00c1DEL MARBELLA no realizar\u00e1 ninguna cesi\u00f3n de datos que no tenga una base jur\u00eddica que lo justifique o que dicha cesi\u00f3n est\u00e9 legitimada por alguna causa. La base jur\u00eddica siempre estar\u00e1 relacionada con la tramitaci\u00f3n del servicio solicitado.<\/p>\n<p>&nbsp;<\/p>\n<p>Por tanto, sus datos ser\u00e1n objeto de tratamiento \u00fanicamente por REAL CLUB P\u00c1DEL MARBELLA dentro de su propio \u00e1mbito de actuaci\u00f3n y para los distintos soportes (digitales y\/o anal\u00f3gicos) en los que act\u00faa.<br \/>Sin perjuicio de lo anterior, REAL CLUB P\u00c1DEL MARBELLA podr\u00e1 contratar servicios de almacenaje en la nube o \u201cCloud\u201d con entidades cuyos servidores est\u00e1n radicados dentro del Espacio Econ\u00f3mico Europeo. REAL CLUB P\u00c1DEL MARBELLA se asegurar\u00e1 de que dichos proveedores garantizan las medidas adecuadas para llevar un nivel equiparable de protecci\u00f3n en t\u00e9rminos de lo dispuesto en la normativa de protecci\u00f3n de datos.<\/p>\n<p>&nbsp;<\/p>\n<h4>9 \u00bfCU\u00c1LES SON SUS DERECHOS?<\/h4>\n<p>La normativa de Protecci\u00f3n de Datos le confiere una serie de derechos en relaci\u00f3n con el tratamiento de datos que implican nuestros servicios y que usted podr\u00e1 ejercitar, adjuntando la copia de su DNI a la reclamaci\u00f3n. Los derechos son los siguientes:<\/p>\n<p>* Derecho de acceso: Conocer qu\u00e9 tipo de datos estamos tratando y las caracter\u00edsticas del tratamiento que se est\u00e1n llevando a cabo.<\/p>\n<p>&nbsp;<\/p>\n<p>* Derecho de rectificaci\u00f3n: Puede modificar sus datos por ser inexactos o no veraces.<\/p>\n<p>&nbsp;<\/p>\n<p>* Derecho de portabilidad: Poder obtener una trasladar, copiar o transmitir sus datos personales f\u00e1cilmente de un entorno inform\u00e1tico a otro facilitando el cambio de proveedor de servicios.<\/p>\n<p>&nbsp;<\/p>\n<p>* Derecho a la limitaci\u00f3n del tratamiento: Permite al interesado, cuyos datos personales son objeto de tratamiento, solicitar al responsable del tratamiento, que aplique medidas sobre unos datos personales para, entre otras cosas, evitar su modificaci\u00f3n o, en su caso, su borrado o supresi\u00f3n.<\/p>\n<p>* Derecho de supresi\u00f3n: Solicitar la supresi\u00f3n de sus datos cuando el tratamiento ya no resulte necesario.<\/p>\n<p>&nbsp;<\/p>\n<p>* Derecho de oposici\u00f3n: Solicitar el cese de tratamiento de sus datos, de acuerdo a una serie de aspectos.<\/p>\n<p>&nbsp;<\/p>\n<p>* Derecho a revocar el consentimiento prestado.<\/p>\n<p>&nbsp;<\/p>\n<p>* Derecho a interponer una reclamaci\u00f3n frente a la autoridad de control (En Espa\u00f1a la Agencia Espa\u00f1ola de Protecci\u00f3n de Datos \u2013AEPD-)<\/p>\n<p>&nbsp;<\/p>\n<p>* Puede ejercitar sus derechos mediante correo postal en la direcci\u00f3n postal Urbanizaci\u00f3n Altos del Rodeo, Calle R\u00edo Amazonas, S\/N 29670 Marbella, M\u00e1laga o v\u00eda e-mail <span>\u00a0<\/span><a href=\"mailto:info@realclubpadelmarbella.com\">info@realclubpadelmarbella.com<\/a>, indicando el derecho a ejercitar y la copia de su DNI.<\/p>\n<p>&nbsp;<\/p>\n<h4>10 \u00bfCU\u00c1LES SON LAS MEDIDAS DE SEGURIDAD QUE APLICAR\u00c1 REAL CLUB P\u00c1DEL MARBELLA ?<\/h4>\n<p>REAL CLUB P\u00c1DEL MARBELLA tratar\u00e1 los datos del usuario en todo momento de forma absolutamente confidencial y guardando el preceptivo deber de secreto respecto de los mismos, de conformidad con lo previsto en la normativa de aplicaci\u00f3n, adoptando al efecto las medidas de \u00edndole t\u00e9cnica y organizativas necesarias que garanticen la seguridad de los datos y eviten su alteraci\u00f3n, p\u00e9rdida, tratamiento o acceso no autorizado, habida cuenta del estado de la tecnolog\u00eda, la naturaleza de los datos almacenados y los riesgos a que est\u00e1n expuestos.<\/p>\n<p>[\/et_pb_text][\/et_pb_column][\/et_pb_row][\/et_pb_section]<\/p>\n","protected":false},"excerpt":{"rendered":"<p>1 RESPONSABLE DEL TRATAMIENTO Responsable de Tratamiento: ENUTROF LIFE S.L. (en adelante, \u201cREAL CLUB P\u00c1DEL MARBELLA\u201d)* N.I.F.: B93413961* Domicilio social: Urbanizaci\u00f3n Altos del Rodeo, Calle R\u00edo Amazonas, S\/N 29670 Marbella, M\u00e1laga * E-mail:\u00a0info@realclubpadelmarbella.com &nbsp; 2 INFORMACI\u00d3N Y CONSENTIMIENTO Mediante la aceptaci\u00f3n de la presente Pol\u00edtica de Privacidad, el usuario queda informado y se le solicitar\u00e1 [&hellip;]<\/p>\n","protected":false},"author":1,"featured_media":0,"parent":0,"menu_order":0,"comment_status":"closed","ping_status":"closed","template":"","meta":{"_et_pb_use_builder":"on","_et_pb_old_content":"","_et_gb_content_width":"","_monsterinsights_skip_tracking":false,"_monsterinsights_sitenote_active":false,"_monsterinsights_sitenote_note":"","_monsterinsights_sitenote_category":0,"footnotes":""},"class_list":["post-649","page","type-page","status-publish","hentry"],"yoast_head":"<!-- This site is optimized with the Yoast SEO plugin v27.4 - https:\/\/yoast.com\/product\/yoast-seo-wordpress\/ -->\n<title>Privacy Policy | Real Club Padel Marbella<\/title>\n<meta name=\"robots\" content=\"index, follow, max-snippet:-1, max-image-preview:large, max-video-preview:-1\" \/>\n<link rel=\"canonical\" href=\"https:\/\/realclubpadelmarbella.com\/es\/privacy-policy\/\" \/>\n<meta property=\"og:locale\" content=\"es_ES\" \/>\n<meta property=\"og:type\" content=\"article\" \/>\n<meta property=\"og:title\" content=\"Privacy Policy | Real Club Padel Marbella\" \/>\n<meta property=\"og:description\" content=\"1 RESPONSABLE DEL TRATAMIENTO Responsable de Tratamiento: ENUTROF LIFE S.L. (en adelante, \u201cREAL CLUB P\u00c1DEL MARBELLA\u201d)* N.I.F.: B93413961* Domicilio social: Urbanizaci\u00f3n Altos del Rodeo, Calle R\u00edo Amazonas, S\/N 29670 Marbella, M\u00e1laga * E-mail:\u00a0info@realclubpadelmarbella.com &nbsp; 2 INFORMACI\u00d3N Y CONSENTIMIENTO Mediante la aceptaci\u00f3n de la presente Pol\u00edtica de Privacidad, el usuario queda informado y se le solicitar\u00e1 [&hellip;]\" \/>\n<meta property=\"og:url\" content=\"https:\/\/realclubpadelmarbella.com\/es\/privacy-policy\/\" \/>\n<meta property=\"og:site_name\" content=\"Real Club Padel Marbella\" \/>\n<meta property=\"article:publisher\" content=\"https:\/\/www.facebook.com\/RealClubPadelMarbella\/?locale=es_ES\" \/>\n<meta property=\"article:modified_time\" content=\"2025-07-21T08:54:32+00:00\" \/>\n<meta name=\"twitter:card\" content=\"summary_large_image\" \/>\n<meta name=\"twitter:label1\" content=\"Tiempo de lectura\" \/>\n\t<meta name=\"twitter:data1\" content=\"2 minutos\" \/>\n<script type=\"application\/ld+json\" class=\"yoast-schema-graph\">{\"@context\":\"https:\\\/\\\/schema.org\",\"@graph\":[{\"@type\":\"WebPage\",\"@id\":\"https:\\\/\\\/realclubpadelmarbella.com\\\/privacy-policy\\\/\",\"url\":\"https:\\\/\\\/realclubpadelmarbella.com\\\/privacy-policy\\\/\",\"name\":\"Privacy Policy | Real Club Padel Marbella\",\"isPartOf\":{\"@id\":\"https:\\\/\\\/realclubpadelmarbella.com\\\/#website\"},\"datePublished\":\"2025-07-21T08:54:00+00:00\",\"dateModified\":\"2025-07-21T08:54:32+00:00\",\"breadcrumb\":{\"@id\":\"https:\\\/\\\/realclubpadelmarbella.com\\\/privacy-policy\\\/#breadcrumb\"},\"inLanguage\":\"es\",\"potentialAction\":[{\"@type\":\"ReadAction\",\"target\":[\"https:\\\/\\\/realclubpadelmarbella.com\\\/privacy-policy\\\/\"]}]},{\"@type\":\"BreadcrumbList\",\"@id\":\"https:\\\/\\\/realclubpadelmarbella.com\\\/privacy-policy\\\/#breadcrumb\",\"itemListElement\":[{\"@type\":\"ListItem\",\"position\":1,\"name\":\"Portada\",\"item\":\"https:\\\/\\\/realclubpadelmarbella.com\\\/\"},{\"@type\":\"ListItem\",\"position\":2,\"name\":\"Privacy Policy\"}]},{\"@type\":\"WebSite\",\"@id\":\"https:\\\/\\\/realclubpadelmarbella.com\\\/#website\",\"url\":\"https:\\\/\\\/realclubpadelmarbella.com\\\/\",\"name\":\"Real Club Padel Marbella\",\"description\":\"More Than Just a Padel Club\",\"publisher\":{\"@id\":\"https:\\\/\\\/realclubpadelmarbella.com\\\/#organization\"},\"potentialAction\":[{\"@type\":\"SearchAction\",\"target\":{\"@type\":\"EntryPoint\",\"urlTemplate\":\"https:\\\/\\\/realclubpadelmarbella.com\\\/?s={search_term_string}\"},\"query-input\":{\"@type\":\"PropertyValueSpecification\",\"valueRequired\":true,\"valueName\":\"search_term_string\"}}],\"inLanguage\":\"es\"},{\"@type\":\"Organization\",\"@id\":\"https:\\\/\\\/realclubpadelmarbella.com\\\/#organization\",\"name\":\"Real Club Padel Marbella\",\"url\":\"https:\\\/\\\/realclubpadelmarbella.com\\\/\",\"logo\":{\"@type\":\"ImageObject\",\"inLanguage\":\"es\",\"@id\":\"https:\\\/\\\/realclubpadelmarbella.com\\\/#\\\/schema\\\/logo\\\/image\\\/\",\"url\":\"https:\\\/\\\/realclubpadelmarbella.com\\\/wp-content\\\/uploads\\\/2025\\\/04\\\/rcpm-white-logo-WEB.png\",\"contentUrl\":\"https:\\\/\\\/realclubpadelmarbella.com\\\/wp-content\\\/uploads\\\/2025\\\/04\\\/rcpm-white-logo-WEB.png\",\"width\":512,\"height\":512,\"caption\":\"Real Club Padel Marbella\"},\"image\":{\"@id\":\"https:\\\/\\\/realclubpadelmarbella.com\\\/#\\\/schema\\\/logo\\\/image\\\/\"},\"sameAs\":[\"https:\\\/\\\/www.facebook.com\\\/RealClubPadelMarbella\\\/?locale=es_ES\",\"https:\\\/\\\/www.instagram.com\\\/realclubpadelmarbella\\\/?hl=es\"]}]}<\/script>\n<!-- \/ Yoast SEO plugin. -->","yoast_head_json":{"title":"Privacy Policy | Real Club Padel Marbella","robots":{"index":"index","follow":"follow","max-snippet":"max-snippet:-1","max-image-preview":"max-image-preview:large","max-video-preview":"max-video-preview:-1"},"canonical":"https:\/\/realclubpadelmarbella.com\/es\/privacy-policy\/","og_locale":"es_ES","og_type":"article","og_title":"Privacy Policy | Real Club Padel Marbella","og_description":"1 RESPONSABLE DEL TRATAMIENTO Responsable de Tratamiento: ENUTROF LIFE S.L. (en adelante, \u201cREAL CLUB P\u00c1DEL MARBELLA\u201d)* N.I.F.: B93413961* Domicilio social: Urbanizaci\u00f3n Altos del Rodeo, Calle R\u00edo Amazonas, S\/N 29670 Marbella, M\u00e1laga * E-mail:\u00a0info@realclubpadelmarbella.com &nbsp; 2 INFORMACI\u00d3N Y CONSENTIMIENTO Mediante la aceptaci\u00f3n de la presente Pol\u00edtica de Privacidad, el usuario queda informado y se le solicitar\u00e1 [&hellip;]","og_url":"https:\/\/realclubpadelmarbella.com\/es\/privacy-policy\/","og_site_name":"Real Club Padel Marbella","article_publisher":"https:\/\/www.facebook.com\/RealClubPadelMarbella\/?locale=es_ES","article_modified_time":"2025-07-21T08:54:32+00:00","twitter_card":"summary_large_image","twitter_misc":{"Tiempo de lectura":"2 minutos"},"schema":{"@context":"https:\/\/schema.org","@graph":[{"@type":"WebPage","@id":"https:\/\/realclubpadelmarbella.com\/privacy-policy\/","url":"https:\/\/realclubpadelmarbella.com\/privacy-policy\/","name":"Privacy Policy | Real Club Padel Marbella","isPartOf":{"@id":"https:\/\/realclubpadelmarbella.com\/#website"},"datePublished":"2025-07-21T08:54:00+00:00","dateModified":"2025-07-21T08:54:32+00:00","breadcrumb":{"@id":"https:\/\/realclubpadelmarbella.com\/privacy-policy\/#breadcrumb"},"inLanguage":"es","potentialAction":[{"@type":"ReadAction","target":["https:\/\/realclubpadelmarbella.com\/privacy-policy\/"]}]},{"@type":"BreadcrumbList","@id":"https:\/\/realclubpadelmarbella.com\/privacy-policy\/#breadcrumb","itemListElement":[{"@type":"ListItem","position":1,"name":"Portada","item":"https:\/\/realclubpadelmarbella.com\/"},{"@type":"ListItem","position":2,"name":"Privacy Policy"}]},{"@type":"WebSite","@id":"https:\/\/realclubpadelmarbella.com\/#website","url":"https:\/\/realclubpadelmarbella.com\/","name":"Real Club Padel Marbella","description":"More Than Just a Padel Club","publisher":{"@id":"https:\/\/realclubpadelmarbella.com\/#organization"},"potentialAction":[{"@type":"SearchAction","target":{"@type":"EntryPoint","urlTemplate":"https:\/\/realclubpadelmarbella.com\/?s={search_term_string}"},"query-input":{"@type":"PropertyValueSpecification","valueRequired":true,"valueName":"search_term_string"}}],"inLanguage":"es"},{"@type":"Organization","@id":"https:\/\/realclubpadelmarbella.com\/#organization","name":"Real Club Padel Marbella","url":"https:\/\/realclubpadelmarbella.com\/","logo":{"@type":"ImageObject","inLanguage":"es","@id":"https:\/\/realclubpadelmarbella.com\/#\/schema\/logo\/image\/","url":"https:\/\/realclubpadelmarbella.com\/wp-content\/uploads\/2025\/04\/rcpm-white-logo-WEB.png","contentUrl":"https:\/\/realclubpadelmarbella.com\/wp-content\/uploads\/2025\/04\/rcpm-white-logo-WEB.png","width":512,"height":512,"caption":"Real Club Padel Marbella"},"image":{"@id":"https:\/\/realclubpadelmarbella.com\/#\/schema\/logo\/image\/"},"sameAs":["https:\/\/www.facebook.com\/RealClubPadelMarbella\/?locale=es_ES","https:\/\/www.instagram.com\/realclubpadelmarbella\/?hl=es"]}]}},"_links":{"self":[{"href":"https:\/\/realclubpadelmarbella.com\/es\/wp-json\/wp\/v2\/pages\/649","targetHints":{"allow":["GET"]}}],"collection":[{"href":"https:\/\/realclubpadelmarbella.com\/es\/wp-json\/wp\/v2\/pages"}],"about":[{"href":"https:\/\/realclubpadelmarbella.com\/es\/wp-json\/wp\/v2\/types\/page"}],"author":[{"embeddable":true,"href":"https:\/\/realclubpadelmarbella.com\/es\/wp-json\/wp\/v2\/users\/1"}],"replies":[{"embeddable":true,"href":"https:\/\/realclubpadelmarbella.com\/es\/wp-json\/wp\/v2\/comments?post=649"}],"version-history":[{"count":2,"href":"https:\/\/realclubpadelmarbella.com\/es\/wp-json\/wp\/v2\/pages\/649\/revisions"}],"predecessor-version":[{"id":652,"href":"https:\/\/realclubpadelmarbella.com\/es\/wp-json\/wp\/v2\/pages\/649\/revisions\/652"}],"wp:attachment":[{"href":"https:\/\/realclubpadelmarbella.com\/es\/wp-json\/wp\/v2\/media?parent=649"}],"curies":[{"name":"wp","href":"https:\/\/api.w.org\/{rel}","templated":true}]}}