{"id":645,"date":"2025-07-21T08:52:32","date_gmt":"2025-07-21T08:52:32","guid":{"rendered":"http:\/\/realclubpadelmarbella.com\/?page_id=645"},"modified":"2025-07-21T08:58:11","modified_gmt":"2025-07-21T08:58:11","slug":"terms-conditions","status":"publish","type":"page","link":"https:\/\/realclubpadelmarbella.com\/es\/terms-conditions\/","title":{"rendered":"T\u00e9rminos y Condiciones"},"content":{"rendered":"<p>[et_pb_section fb_built=&#8221;1&#8243; _builder_version=&#8221;4.27.4&#8243; _module_preset=&#8221;_initial&#8221; global_colors_info=&#8221;{}&#8221;][et_pb_row _builder_version=&#8221;4.27.4&#8243; _module_preset=&#8221;845ae080-9853-4cde-9ee4-77488e707eb5&#8243; global_colors_info=&#8221;{}&#8221;][et_pb_column type=&#8221;4_4&#8243; _builder_version=&#8221;4.27.4&#8243; _module_preset=&#8221;default&#8221; global_colors_info=&#8221;{}&#8221;][et_pb_post_title meta=&#8221;off&#8221; _builder_version=&#8221;4.27.4&#8243; _module_preset=&#8221;5358c8f0-d5c1-446e-ae64-27ce371b8948&#8243;][\/et_pb_post_title][et_pb_text _builder_version=&#8221;4.27.4&#8243; _module_preset=&#8221;f1faf6e0-3888-4f3c-95a0-3224299a1be0&#8243; global_colors_info=&#8221;{%22gcid-primary-color%22:%91%22quote_text_color%22%93}&#8221;]<\/p>\n<p><strong>Protecci\u00f3n de datos de car\u00e1cter personal:<\/strong><\/p>\n<p>El Responsable del tratamiento de estos datos es ENUTROF LIFE S.L. con NIF: B93413961 y direcci\u00f3n a efectos de notificaciones en Urbanizaci\u00f3n Altos del Rodeo, Calle R\u00edo Amazonas, S\/N 29670 Marbella, M\u00e1laga o v\u00eda e-mail<span>\u00a0<\/span><a href=\"mailto:info@realclubpadelmarbella.com\">info@realclubpadelmarbella.com<\/a><\/p>\n<p>Los datos suministrados o manejados por el responsable en la p\u00e1gina web, siguen el estricto dictado de lo dispuesto en el RGPD, LOPDGDD Y LSSI.<\/p>\n<p>Los \u00fanicos canales de suministro de informaci\u00f3n por parte del usuario de la navegaci\u00f3n de la web, a trav\u00e9s del formulario de reservas o de contacto, preservan la seguridad de los datos aportados con arreglo a lo dispuesto por el Reglamento General de Protecci\u00f3n de datos de \u00e1mbito europeo 679\/2016 y la Ley Org\u00e1nica 3\/2018, de Protecci\u00f3n de datos de car\u00e1cter personal de \u00e1mbito nacional, no exponiendo su uso a ninguna finalidad que previamente no haya sido autorizada, puede consultar nuestra pol\u00edtica de privacidad.<\/p>\n<p>Le informamos que no se realizar\u00e1 ninguna cesi\u00f3n de datos a terceros, salvo aquellas necesarias para el cumplimiento de la relaci\u00f3n contractual, as\u00ed como en los supuestos legalmente exigidos.<\/p>\n<p>Los datos de car\u00e1cter personal ser\u00e1n tratados cumpliendo con las medidas t\u00e9cnicas y organizativas necesarias para garantizar la seguridad, integridad y confidencialidad conforme a lo dispuesto en el Reglamento General de Protecci\u00f3n de Datos de Car\u00e1cter Personal UE 679\/2016 y la Ley Org\u00e1nica 3\/2018, de Protecci\u00f3n de datos de car\u00e1cter personal de \u00e1mbito nacional.<\/p>\n<p>El usuario garantiza que los datos proporcionados a trav\u00e9s de los formularios u otras formas de comunicaci\u00f3n son correctos y exactos.<\/p>\n<p>Los contenidos de esta p\u00e1gina web no est\u00e1n dirigidos a menores de 14 a\u00f1os, adopt\u00e1ndose en consecuencia todas las medidas necesarias a tal efecto.<\/p>\n<p>Podr\u00e1 ejercitar sus derechos de acceso, rectificaci\u00f3n, cancelaci\u00f3n, oposici\u00f3n y portabilidad en la direcci\u00f3n Urbanizaci\u00f3n Altos del Rodeo, Calle R\u00edo Amazonas, S\/N 29670 Marbella, M\u00e1laga o v\u00eda e-mail<span>\u00a0<\/span><a href=\"mailto:info@realclubpadelmarbella.com\">info@realclubpadelmarbella.com<\/a><\/p>\n<p>[\/et_pb_text][\/et_pb_column][\/et_pb_row][\/et_pb_section]<\/p>\n","protected":false},"excerpt":{"rendered":"<p>Protecci\u00f3n de datos de car\u00e1cter personal: El Responsable del tratamiento de estos datos es ENUTROF LIFE S.L. con NIF: B93413961 y direcci\u00f3n a efectos de notificaciones en Urbanizaci\u00f3n Altos del Rodeo, Calle R\u00edo Amazonas, S\/N 29670 Marbella, M\u00e1laga o v\u00eda e-mail\u00a0info@realclubpadelmarbella.com Los datos suministrados o manejados por el responsable en la p\u00e1gina web, siguen el [&hellip;]<\/p>\n","protected":false},"author":1,"featured_media":0,"parent":0,"menu_order":0,"comment_status":"closed","ping_status":"closed","template":"","meta":{"_et_pb_use_builder":"on","_et_pb_old_content":"","_et_gb_content_width":"","_monsterinsights_skip_tracking":false,"_monsterinsights_sitenote_active":false,"_monsterinsights_sitenote_note":"","_monsterinsights_sitenote_category":0,"footnotes":""},"class_list":["post-645","page","type-page","status-publish","hentry"],"yoast_head":"<!-- This site is optimized with the Yoast SEO plugin v27.4 - https:\/\/yoast.com\/product\/yoast-seo-wordpress\/ -->\n<title>Terms &amp; Conditions | Real Club Padel Marbella<\/title>\n<meta name=\"robots\" content=\"index, follow, max-snippet:-1, max-image-preview:large, max-video-preview:-1\" \/>\n<link rel=\"canonical\" href=\"https:\/\/realclubpadelmarbella.com\/es\/terms-conditions\/\" \/>\n<meta property=\"og:locale\" content=\"es_ES\" \/>\n<meta property=\"og:type\" content=\"article\" \/>\n<meta property=\"og:title\" content=\"Terms &amp; Conditions | Real Club Padel Marbella\" \/>\n<meta property=\"og:description\" content=\"Protecci\u00f3n de datos de car\u00e1cter personal: El Responsable del tratamiento de estos datos es ENUTROF LIFE S.L. con NIF: B93413961 y direcci\u00f3n a efectos de notificaciones en Urbanizaci\u00f3n Altos del Rodeo, Calle R\u00edo Amazonas, S\/N 29670 Marbella, M\u00e1laga o v\u00eda e-mail\u00a0info@realclubpadelmarbella.com Los datos suministrados o manejados por el responsable en la p\u00e1gina web, siguen el [&hellip;]\" \/>\n<meta property=\"og:url\" content=\"https:\/\/realclubpadelmarbella.com\/es\/terms-conditions\/\" \/>\n<meta property=\"og:site_name\" content=\"Real Club Padel Marbella\" \/>\n<meta property=\"article:publisher\" content=\"https:\/\/www.facebook.com\/RealClubPadelMarbella\/?locale=es_ES\" \/>\n<meta property=\"article:modified_time\" content=\"2025-07-21T08:58:11+00:00\" \/>\n<meta name=\"twitter:card\" content=\"summary_large_image\" \/>\n<script type=\"application\/ld+json\" class=\"yoast-schema-graph\">{\"@context\":\"https:\\\/\\\/schema.org\",\"@graph\":[{\"@type\":\"WebPage\",\"@id\":\"https:\\\/\\\/realclubpadelmarbella.com\\\/terms-conditions\\\/\",\"url\":\"https:\\\/\\\/realclubpadelmarbella.com\\\/terms-conditions\\\/\",\"name\":\"Terms &amp; Conditions | Real Club Padel Marbella\",\"isPartOf\":{\"@id\":\"https:\\\/\\\/realclubpadelmarbella.com\\\/#website\"},\"datePublished\":\"2025-07-21T08:52:32+00:00\",\"dateModified\":\"2025-07-21T08:58:11+00:00\",\"breadcrumb\":{\"@id\":\"https:\\\/\\\/realclubpadelmarbella.com\\\/terms-conditions\\\/#breadcrumb\"},\"inLanguage\":\"es\",\"potentialAction\":[{\"@type\":\"ReadAction\",\"target\":[\"https:\\\/\\\/realclubpadelmarbella.com\\\/terms-conditions\\\/\"]}]},{\"@type\":\"BreadcrumbList\",\"@id\":\"https:\\\/\\\/realclubpadelmarbella.com\\\/terms-conditions\\\/#breadcrumb\",\"itemListElement\":[{\"@type\":\"ListItem\",\"position\":1,\"name\":\"Portada\",\"item\":\"https:\\\/\\\/realclubpadelmarbella.com\\\/\"},{\"@type\":\"ListItem\",\"position\":2,\"name\":\"Terms &amp; Conditions\"}]},{\"@type\":\"WebSite\",\"@id\":\"https:\\\/\\\/realclubpadelmarbella.com\\\/#website\",\"url\":\"https:\\\/\\\/realclubpadelmarbella.com\\\/\",\"name\":\"Real Club Padel Marbella\",\"description\":\"More Than Just a Padel Club\",\"publisher\":{\"@id\":\"https:\\\/\\\/realclubpadelmarbella.com\\\/#organization\"},\"potentialAction\":[{\"@type\":\"SearchAction\",\"target\":{\"@type\":\"EntryPoint\",\"urlTemplate\":\"https:\\\/\\\/realclubpadelmarbella.com\\\/?s={search_term_string}\"},\"query-input\":{\"@type\":\"PropertyValueSpecification\",\"valueRequired\":true,\"valueName\":\"search_term_string\"}}],\"inLanguage\":\"es\"},{\"@type\":\"Organization\",\"@id\":\"https:\\\/\\\/realclubpadelmarbella.com\\\/#organization\",\"name\":\"Real Club Padel Marbella\",\"url\":\"https:\\\/\\\/realclubpadelmarbella.com\\\/\",\"logo\":{\"@type\":\"ImageObject\",\"inLanguage\":\"es\",\"@id\":\"https:\\\/\\\/realclubpadelmarbella.com\\\/#\\\/schema\\\/logo\\\/image\\\/\",\"url\":\"https:\\\/\\\/realclubpadelmarbella.com\\\/wp-content\\\/uploads\\\/2025\\\/04\\\/rcpm-white-logo-WEB.png\",\"contentUrl\":\"https:\\\/\\\/realclubpadelmarbella.com\\\/wp-content\\\/uploads\\\/2025\\\/04\\\/rcpm-white-logo-WEB.png\",\"width\":512,\"height\":512,\"caption\":\"Real Club Padel Marbella\"},\"image\":{\"@id\":\"https:\\\/\\\/realclubpadelmarbella.com\\\/#\\\/schema\\\/logo\\\/image\\\/\"},\"sameAs\":[\"https:\\\/\\\/www.facebook.com\\\/RealClubPadelMarbella\\\/?locale=es_ES\",\"https:\\\/\\\/www.instagram.com\\\/realclubpadelmarbella\\\/?hl=es\"]}]}<\/script>\n<!-- \/ Yoast SEO plugin. -->","yoast_head_json":{"title":"Terms &amp; Conditions | Real Club Padel Marbella","robots":{"index":"index","follow":"follow","max-snippet":"max-snippet:-1","max-image-preview":"max-image-preview:large","max-video-preview":"max-video-preview:-1"},"canonical":"https:\/\/realclubpadelmarbella.com\/es\/terms-conditions\/","og_locale":"es_ES","og_type":"article","og_title":"Terms &amp; Conditions | Real Club Padel Marbella","og_description":"Protecci\u00f3n de datos de car\u00e1cter personal: El Responsable del tratamiento de estos datos es ENUTROF LIFE S.L. con NIF: B93413961 y direcci\u00f3n a efectos de notificaciones en Urbanizaci\u00f3n Altos del Rodeo, Calle R\u00edo Amazonas, S\/N 29670 Marbella, M\u00e1laga o v\u00eda e-mail\u00a0info@realclubpadelmarbella.com Los datos suministrados o manejados por el responsable en la p\u00e1gina web, siguen el [&hellip;]","og_url":"https:\/\/realclubpadelmarbella.com\/es\/terms-conditions\/","og_site_name":"Real Club Padel Marbella","article_publisher":"https:\/\/www.facebook.com\/RealClubPadelMarbella\/?locale=es_ES","article_modified_time":"2025-07-21T08:58:11+00:00","twitter_card":"summary_large_image","schema":{"@context":"https:\/\/schema.org","@graph":[{"@type":"WebPage","@id":"https:\/\/realclubpadelmarbella.com\/terms-conditions\/","url":"https:\/\/realclubpadelmarbella.com\/terms-conditions\/","name":"Terms &amp; Conditions | Real Club Padel Marbella","isPartOf":{"@id":"https:\/\/realclubpadelmarbella.com\/#website"},"datePublished":"2025-07-21T08:52:32+00:00","dateModified":"2025-07-21T08:58:11+00:00","breadcrumb":{"@id":"https:\/\/realclubpadelmarbella.com\/terms-conditions\/#breadcrumb"},"inLanguage":"es","potentialAction":[{"@type":"ReadAction","target":["https:\/\/realclubpadelmarbella.com\/terms-conditions\/"]}]},{"@type":"BreadcrumbList","@id":"https:\/\/realclubpadelmarbella.com\/terms-conditions\/#breadcrumb","itemListElement":[{"@type":"ListItem","position":1,"name":"Portada","item":"https:\/\/realclubpadelmarbella.com\/"},{"@type":"ListItem","position":2,"name":"Terms &amp; Conditions"}]},{"@type":"WebSite","@id":"https:\/\/realclubpadelmarbella.com\/#website","url":"https:\/\/realclubpadelmarbella.com\/","name":"Real Club Padel Marbella","description":"More Than Just a Padel Club","publisher":{"@id":"https:\/\/realclubpadelmarbella.com\/#organization"},"potentialAction":[{"@type":"SearchAction","target":{"@type":"EntryPoint","urlTemplate":"https:\/\/realclubpadelmarbella.com\/?s={search_term_string}"},"query-input":{"@type":"PropertyValueSpecification","valueRequired":true,"valueName":"search_term_string"}}],"inLanguage":"es"},{"@type":"Organization","@id":"https:\/\/realclubpadelmarbella.com\/#organization","name":"Real Club Padel Marbella","url":"https:\/\/realclubpadelmarbella.com\/","logo":{"@type":"ImageObject","inLanguage":"es","@id":"https:\/\/realclubpadelmarbella.com\/#\/schema\/logo\/image\/","url":"https:\/\/realclubpadelmarbella.com\/wp-content\/uploads\/2025\/04\/rcpm-white-logo-WEB.png","contentUrl":"https:\/\/realclubpadelmarbella.com\/wp-content\/uploads\/2025\/04\/rcpm-white-logo-WEB.png","width":512,"height":512,"caption":"Real Club Padel Marbella"},"image":{"@id":"https:\/\/realclubpadelmarbella.com\/#\/schema\/logo\/image\/"},"sameAs":["https:\/\/www.facebook.com\/RealClubPadelMarbella\/?locale=es_ES","https:\/\/www.instagram.com\/realclubpadelmarbella\/?hl=es"]}]}},"_links":{"self":[{"href":"https:\/\/realclubpadelmarbella.com\/es\/wp-json\/wp\/v2\/pages\/645","targetHints":{"allow":["GET"]}}],"collection":[{"href":"https:\/\/realclubpadelmarbella.com\/es\/wp-json\/wp\/v2\/pages"}],"about":[{"href":"https:\/\/realclubpadelmarbella.com\/es\/wp-json\/wp\/v2\/types\/page"}],"author":[{"embeddable":true,"href":"https:\/\/realclubpadelmarbella.com\/es\/wp-json\/wp\/v2\/users\/1"}],"replies":[{"embeddable":true,"href":"https:\/\/realclubpadelmarbella.com\/es\/wp-json\/wp\/v2\/comments?post=645"}],"version-history":[{"count":4,"href":"https:\/\/realclubpadelmarbella.com\/es\/wp-json\/wp\/v2\/pages\/645\/revisions"}],"predecessor-version":[{"id":662,"href":"https:\/\/realclubpadelmarbella.com\/es\/wp-json\/wp\/v2\/pages\/645\/revisions\/662"}],"wp:attachment":[{"href":"https:\/\/realclubpadelmarbella.com\/es\/wp-json\/wp\/v2\/media?parent=645"}],"curies":[{"name":"wp","href":"https:\/\/api.w.org\/{rel}","templated":true}]}}